{"id":226,"date":"2023-07-27T11:26:18","date_gmt":"2023-07-27T11:26:18","guid":{"rendered":"https:\/\/muymioregaleria.com\/?post_type=product&#038;p=226"},"modified":"2023-07-27T11:26:20","modified_gmt":"2023-07-27T11:26:20","slug":"depilador-facial-portatil","status":"publish","type":"product","link":"https:\/\/muymioregaleria.com\/index.php\/product\/depilador-facial-portatil\/","title":{"rendered":"Depilador Facial Portatil"},"content":{"rendered":"<p>La depiladora se usa Mediante movimientos circulares para remover el vello sin tirones y de forma 100% indolora en el labio superior e inferior, nariz, entrecejo, mejillas, ment\u00f3n y cuello.<br \/>\nPara todo tipo de pieles evitando irritaci\u00f3n u otro tipo de lesiones en el rostro. Apta para pieles hipoalerg\u00e9nicas.<\/p>\n<p>El cable con USB facilita la carga en cualquier lugar sin el uso de pilas, siendo m\u00e1s ecol\u00f3gico y econ\u00f3mico.<br \/>\nDise\u00f1o fino de color blanco con l\u00edneas doradas y de tama\u00f1o peque\u00f1o. Perfecto para incluirlo como accesorio de belleza en bolso o bolsa de cosm\u00e9ticos, en todos tus viajes o incluso para el trabajo. Tambi\u00e9n es un regalo ideal para amigos o familiares.<br \/>\nDespu\u00e9s de cada uso, puede extraer el cabezal, enjuagarlo con agua y secarlo bien. Incluye un cepillo de limpieza que te ayudar\u00e1 a mantenerlo limpio e higi\u00e9nico.<\/p>\n<p>Contenido de la caja, incluye :<br \/>\n1 depiladora mini el\u00e9ctrica<br \/>\n1 cepillo de limpieza<br \/>\n1 cable USB<br \/>\nUna gu\u00eda<\/p>\n","protected":false},"excerpt":{"rendered":"<p>La depiladora se usa Mediante movimientos circulares para remover el vello sin tirones y de forma 100% indolora en el labio superior e inferior, nariz, entrecejo, mejillas, ment\u00f3n y cuello. Para todo tipo de pieles evitando irritaci\u00f3n u otro tipo de lesiones en el rostro. Apta para pieles hipoalerg\u00e9nicas. El cable con USB facilita la [&hellip;]<\/p>\n","protected":false},"featured_media":132,"comment_status":"open","ping_status":"closed","template":"","meta":[],"product_cat":[17],"product_tag":[121,122,120],"_links":{"self":[{"href":"https:\/\/muymioregaleria.com\/index.php\/wp-json\/wp\/v2\/product\/226"}],"collection":[{"href":"https:\/\/muymioregaleria.com\/index.php\/wp-json\/wp\/v2\/product"}],"about":[{"href":"https:\/\/muymioregaleria.com\/index.php\/wp-json\/wp\/v2\/types\/product"}],"replies":[{"embeddable":true,"href":"https:\/\/muymioregaleria.com\/index.php\/wp-json\/wp\/v2\/comments?post=226"}],"wp:featuredmedia":[{"embeddable":true,"href":"https:\/\/muymioregaleria.com\/index.php\/wp-json\/wp\/v2\/media\/132"}],"wp:attachment":[{"href":"https:\/\/muymioregaleria.com\/index.php\/wp-json\/wp\/v2\/media?parent=226"}],"wp:term":[{"taxonomy":"product_cat","embeddable":true,"href":"https:\/\/muymioregaleria.com\/index.php\/wp-json\/wp\/v2\/product_cat?post=226"},{"taxonomy":"product_tag","embeddable":true,"href":"https:\/\/muymioregaleria.com\/index.php\/wp-json\/wp\/v2\/product_tag?post=226"}],"curies":[{"name":"wp","href":"https:\/\/api.w.org\/{rel}","templated":true}]}}